{"id":529,"date":"2025-08-10T18:06:00","date_gmt":"2025-08-10T15:06:00","guid":{"rendered":"https:\/\/capriannaparfums.com\/?post_type=product&#038;p=529"},"modified":"2026-03-06T21:44:20","modified_gmt":"2026-03-06T19:44:20","slug":"beyond-the-abyss","status":"publish","type":"product","link":"https:\/\/capriannaparfums.com\/fr\/produit\/beyond-the-abyss\/","title":{"rendered":"AU-DEL\u00c0 DE L&#039;AB\u00ceME"},"content":{"rendered":"<p>FRUIT\u00c9 \u2013 MARIN | UNISEXE<br \/>L&#039;histoire<br \/>Un plongeon dans l&#039;inconnu.<br \/>BEYOND THE ABYSS capture l&#039;essence de la clart\u00e9 tropicale superpos\u00e9e<br \/>avec un myst\u00e8re aquatique. Le citron acidul\u00e9 et la goyave m\u00fbrie au soleil ouvrent le<br \/>parfum\u00e9 comme une brise marine chaude. Un c\u0153ur de notes marines, de muguet<br \/>la vall\u00e9e, et le jasmin d\u00e9ferle comme des vagues sur un rivage isol\u00e9.<br \/>La base r\u00e9v\u00e8le une profondeur silencieuse \u2014 moussue, ambr\u00e9e et ancr\u00e9e dans<br \/>bois de santal doux \u2014 \u00e9voquant la tranquillit\u00e9 des profondeurs.<br \/>Pyramide olfactive<br \/>En haut : Goyave, Citron<br \/>C\u0153ur : Notes marines, Muguet, Jasmin<br \/>Fond : Notes moussues, bois de santal, ambre<\/p>\n<p>PARFUMEUR : H\u00fcseyin Erdo\u011fmu\u015f<\/p>\n<p><img loading=\"lazy\" decoding=\"async\" class=\"alignnone size-medium wp-image-535\" src=\"https:\/\/capriannaparfums.com\/wp-content\/uploads\/2025\/08\/img21-300x160.jpg\" alt=\"\" width=\"300\" height=\"160\" srcset=\"https:\/\/capriannaparfums.com\/wp-content\/uploads\/2025\/08\/img21-300x160.jpg 300w, https:\/\/capriannaparfums.com\/wp-content\/uploads\/2025\/08\/img21-768x410.jpg 768w, https:\/\/capriannaparfums.com\/wp-content\/uploads\/2025\/08\/img21-18x10.jpg 18w, https:\/\/capriannaparfums.com\/wp-content\/uploads\/2025\/08\/img21-600x320.jpg 600w, https:\/\/capriannaparfums.com\/wp-content\/uploads\/2025\/08\/img21-150x80.jpg 150w, https:\/\/capriannaparfums.com\/wp-content\/uploads\/2025\/08\/img21.jpg 965w\" sizes=\"auto, (max-width: 300px) 100vw, 300px\" \/><\/p>","protected":false},"excerpt":{"rendered":"<p>FRUITY \u2013 MARINE | UNISEXThe StoryA plunge into the unknown.BEYOND THE ABYSS captures the essence of tropical clarity layeredwith aquatic<\/p>","protected":false},"featured_media":914,"comment_status":"closed","ping_status":"closed","template":"","meta":[],"product_brand":[],"product_cat":[18],"product_tag":[],"class_list":{"0":"post-529","1":"product","2":"type-product","3":"status-publish","4":"has-post-thumbnail","6":"product_cat-18","8":"first","9":"outofstock","10":"shipping-taxable","11":"purchasable","12":"product-type-simple"},"jetpack_sharing_enabled":true,"_links":{"self":[{"href":"https:\/\/capriannaparfums.com\/fr\/wp-json\/wp\/v2\/product\/529","targetHints":{"allow":["GET"]}}],"collection":[{"href":"https:\/\/capriannaparfums.com\/fr\/wp-json\/wp\/v2\/product"}],"about":[{"href":"https:\/\/capriannaparfums.com\/fr\/wp-json\/wp\/v2\/types\/product"}],"replies":[{"embeddable":true,"href":"https:\/\/capriannaparfums.com\/fr\/wp-json\/wp\/v2\/comments?post=529"}],"wp:featuredmedia":[{"embeddable":true,"href":"https:\/\/capriannaparfums.com\/fr\/wp-json\/wp\/v2\/media\/914"}],"wp:attachment":[{"href":"https:\/\/capriannaparfums.com\/fr\/wp-json\/wp\/v2\/media?parent=529"}],"wp:term":[{"taxonomy":"product_brand","embeddable":true,"href":"https:\/\/capriannaparfums.com\/fr\/wp-json\/wp\/v2\/product_brand?post=529"},{"taxonomy":"product_cat","embeddable":true,"href":"https:\/\/capriannaparfums.com\/fr\/wp-json\/wp\/v2\/product_cat?post=529"},{"taxonomy":"product_tag","embeddable":true,"href":"https:\/\/capriannaparfums.com\/fr\/wp-json\/wp\/v2\/product_tag?post=529"}],"curies":[{"name":"wp","href":"https:\/\/api.w.org\/{rel}","templated":true}]}}