{"id":528,"date":"2025-08-10T18:03:00","date_gmt":"2025-08-10T15:03:00","guid":{"rendered":"https:\/\/capriannaparfums.com\/?post_type=product&#038;p=528"},"modified":"2026-03-04T21:11:30","modified_gmt":"2026-03-04T19:11:30","slug":"unique-borzonut","status":"publish","type":"product","link":"https:\/\/capriannaparfums.com\/fr\/produit\/unique-borzonut\/","title":{"rendered":"BORZONUT UNIQUE"},"content":{"rendered":"<p>NOIX DE COCO \u2013 ORIENTAL | UNISEXE<br \/>L&#039;histoire<br \/>Un pr\u00e9lude exotique de noix de coco cr\u00e9meuse, de framboise juteuse et de rhum dor\u00e9<br \/>ouvre ce parfum audacieux et addictif. \u00c9pic\u00e9 au safran, au cumin et<br \/>gingembre frais, le parfum invite \u00e0 l&#039;intrigue d\u00e8s le premier souffle.<br \/>En son c\u0153ur, le jasmin sensuel et l&#039;iris se fondent dans le benjoin chaud et<br \/>labdanum. Le fond est opulent\u00a0: bois de santal, caf\u00e9, vanille et<br \/>praline envelopp\u00e9e d&#039;ambre et de musc \u2014 un riche sillage de douceur et<br \/>ombre.<br \/>Pyramide olfactive<br \/>Notes de t\u00eate : Noix de coco, rhum, framboise, anis, cumin, safran, gingembre<br \/>Coeur : Jasmin, Iris, Mimosa, Benjoin, Labdanum, F\u00e8ve Tonka, Tabac<br \/>Notes de fond : Santal, patchouli, c\u00e8dre, vanille, miel, praline, caf\u00e9, ambre, musc<\/p>\n<p>PARFUMEUR : G\u00f6khan \u015eim\u015fek<\/p>\n<p><img loading=\"lazy\" decoding=\"async\" class=\"alignnone size-medium wp-image-534\" src=\"https:\/\/capriannaparfums.com\/wp-content\/uploads\/2025\/08\/img13-300x300.jpg\" alt=\"\" width=\"300\" height=\"300\" srcset=\"https:\/\/capriannaparfums.com\/wp-content\/uploads\/2025\/08\/img13-300x300.jpg 300w, https:\/\/capriannaparfums.com\/wp-content\/uploads\/2025\/08\/img13-150x150.jpg 150w, https:\/\/capriannaparfums.com\/wp-content\/uploads\/2025\/08\/img13-12x12.jpg 12w, https:\/\/capriannaparfums.com\/wp-content\/uploads\/2025\/08\/img13.jpg 589w\" sizes=\"auto, (max-width: 300px) 100vw, 300px\" \/><img loading=\"lazy\" decoding=\"async\" class=\"alignnone size-medium wp-image-550\" src=\"https:\/\/capriannaparfums.com\/wp-content\/uploads\/2025\/08\/img14-1-300x300.jpg\" alt=\"\" width=\"300\" height=\"300\" srcset=\"https:\/\/capriannaparfums.com\/wp-content\/uploads\/2025\/08\/img14-1-300x300.jpg 300w, https:\/\/capriannaparfums.com\/wp-content\/uploads\/2025\/08\/img14-1-150x150.jpg 150w, https:\/\/capriannaparfums.com\/wp-content\/uploads\/2025\/08\/img14-1-12x12.jpg 12w, https:\/\/capriannaparfums.com\/wp-content\/uploads\/2025\/08\/img14-1.jpg 520w\" sizes=\"auto, (max-width: 300px) 100vw, 300px\" \/><\/p>","protected":false},"excerpt":{"rendered":"<p>COCONUT \u2013 ORIENTAL | UNISEXThe StoryAn exotic prelude of creamy coconut, juicy raspberry, and golden rumopens this bold and addictive<\/p>","protected":false},"featured_media":930,"comment_status":"closed","ping_status":"closed","template":"","meta":[],"product_brand":[],"product_cat":[18],"product_tag":[],"class_list":{"0":"post-528","1":"product","2":"type-product","3":"status-publish","4":"has-post-thumbnail","6":"product_cat-18","8":"first","9":"instock","10":"shipping-taxable","11":"purchasable","12":"product-type-simple"},"jetpack_sharing_enabled":true,"_links":{"self":[{"href":"https:\/\/capriannaparfums.com\/fr\/wp-json\/wp\/v2\/product\/528","targetHints":{"allow":["GET"]}}],"collection":[{"href":"https:\/\/capriannaparfums.com\/fr\/wp-json\/wp\/v2\/product"}],"about":[{"href":"https:\/\/capriannaparfums.com\/fr\/wp-json\/wp\/v2\/types\/product"}],"replies":[{"embeddable":true,"href":"https:\/\/capriannaparfums.com\/fr\/wp-json\/wp\/v2\/comments?post=528"}],"wp:featuredmedia":[{"embeddable":true,"href":"https:\/\/capriannaparfums.com\/fr\/wp-json\/wp\/v2\/media\/930"}],"wp:attachment":[{"href":"https:\/\/capriannaparfums.com\/fr\/wp-json\/wp\/v2\/media?parent=528"}],"wp:term":[{"taxonomy":"product_brand","embeddable":true,"href":"https:\/\/capriannaparfums.com\/fr\/wp-json\/wp\/v2\/product_brand?post=528"},{"taxonomy":"product_cat","embeddable":true,"href":"https:\/\/capriannaparfums.com\/fr\/wp-json\/wp\/v2\/product_cat?post=528"},{"taxonomy":"product_tag","embeddable":true,"href":"https:\/\/capriannaparfums.com\/fr\/wp-json\/wp\/v2\/product_tag?post=528"}],"curies":[{"name":"wp","href":"https:\/\/api.w.org\/{rel}","templated":true}]}}