{"id":757,"date":"2025-10-26T15:04:50","date_gmt":"2025-10-26T13:04:50","guid":{"rendered":"https:\/\/capriannaparfums.com\/?page_id=757"},"modified":"2025-10-26T15:05:51","modified_gmt":"2025-10-26T13:05:51","slug":"shipping-and-delivery","status":"publish","type":"page","link":"https:\/\/capriannaparfums.com\/fr\/shipping-and-delivery\/","title":{"rendered":"Exp\u00e9dition et livraison"},"content":{"rendered":"<div data-elementor-type=\"wp-page\" data-elementor-id=\"757\" class=\"elementor elementor-757\" data-elementor-post-type=\"page\">\n\t\t\t\t<div class=\"wd-negative-gap elementor-element elementor-element-330b177 e-flex e-con-boxed e-con e-parent\" data-id=\"330b177\" data-element_type=\"container\">\n\t\t\t\t\t<div class=\"e-con-inner\">\n\t\t\t\t<div class=\"elementor-element elementor-element-8cd2f49 elementor-widget elementor-widget-heading\" data-id=\"8cd2f49\" data-element_type=\"widget\" data-widget_type=\"heading.default\">\n\t\t\t\t<div class=\"elementor-widget-container\">\n\t\t\t\t\t<h2 class=\"elementor-heading-title elementor-size-default\">Politique d&#039;exp\u00e9dition et de livraison \u2013 Caprianna Parfums<\/h2>\t\t\t\t<\/div>\n\t\t\t\t<\/div>\n\t\t\t\t\t<\/div>\n\t\t\t\t<\/div>\n\t\t<div class=\"wd-negative-gap elementor-element elementor-element-d919c00 e-flex e-con-boxed e-con e-parent\" data-id=\"d919c00\" data-element_type=\"container\">\n\t\t\t\t\t<div class=\"e-con-inner\">\n\t\t\t\t<div class=\"elementor-element elementor-element-9a6f002 color-scheme-inherit text-left elementor-widget elementor-widget-text-editor\" data-id=\"9a6f002\" data-element_type=\"widget\" data-widget_type=\"text-editor.default\">\n\t\t\t\t<div class=\"elementor-widget-container\">\n\t\t\t\t\t\t\t\t\t<p data-start=\"214\" data-end=\"369\">\u00c0 <strong data-start=\"217\" data-end=\"238\">Caprianna Parfums<\/strong>Nous nous engageons \u00e0 livrer vos commandes rapidement et en toute s\u00e9curit\u00e9. Cette politique explique nos m\u00e9thodes d&#039;exp\u00e9dition, les d\u00e9lais de livraison et les conditions associ\u00e9es.<\/p><hr data-start=\"371\" data-end=\"374\" \/><h3 data-start=\"376\" data-end=\"403\"><strong data-start=\"380\" data-end=\"403\">1. Traitement des commandes<\/strong><\/h3><ul data-start=\"404\" data-end=\"782\"><li data-start=\"404\" data-end=\"502\"><p data-start=\"406\" data-end=\"502\">Les commandes sont g\u00e9n\u00e9ralement trait\u00e9es dans un d\u00e9lai de <strong data-start=\"444\" data-end=\"465\">1 \u00e0 3 jours ouvrables<\/strong> (hors week-ends et jours f\u00e9ri\u00e9s).<\/p><\/li><li data-start=\"503\" data-end=\"681\"><p data-start=\"505\" data-end=\"681\">Vous recevrez un <strong data-start=\"525\" data-end=\"553\">Courriel de confirmation de commande<\/strong> une fois votre achat effectu\u00e9, suivi d&#039;un <strong data-start=\"601\" data-end=\"626\">confirmation d&#039;exp\u00e9dition<\/strong> avec les informations de suivi lorsque votre commande sera exp\u00e9di\u00e9e.<\/p><\/li><li data-start=\"682\" data-end=\"782\"><p data-start=\"684\" data-end=\"782\">Durant les p\u00e9riodes de forte demande (comme les f\u00eates ou les soldes), les d\u00e9lais de traitement peuvent \u00eatre l\u00e9g\u00e8rement plus longs.<\/p><\/li><\/ul><hr data-start=\"784\" data-end=\"787\" \/><h3 data-start=\"789\" data-end=\"824\"><strong data-start=\"793\" data-end=\"824\">2. Options et tarifs d&#039;exp\u00e9dition<\/strong><\/h3><p data-start=\"825\" data-end=\"880\">Nous proposons plusieurs options de livraison pour r\u00e9pondre \u00e0 vos besoins\u00a0:<\/p><ul data-start=\"881\" data-end=\"1199\"><li data-start=\"881\" data-end=\"956\"><p data-start=\"883\" data-end=\"956\"><strong data-start=\"883\" data-end=\"905\">Livraison standard :<\/strong> Livraison estim\u00e9e dans les <strong data-start=\"932\" data-end=\"953\">3 \u00e0 7 jours ouvrables<\/strong>.<\/p><\/li><li data-start=\"957\" data-end=\"1061\"><p data-start=\"959\" data-end=\"1061\"><strong data-start=\"959\" data-end=\"980\">Livraison express :<\/strong> Livraison estim\u00e9e dans les <strong data-start=\"1007\" data-end=\"1028\">1 \u00e0 3 jours ouvrables<\/strong> (disponible dans certaines r\u00e9gions).<\/p><\/li><li data-start=\"1062\" data-end=\"1199\"><p data-start=\"1064\" data-end=\"1199\"><strong data-start=\"1064\" data-end=\"1091\">Exp\u00e9dition internationale :<\/strong> Disponible dans certains pays ; les d\u00e9lais de livraison peuvent varier en fonction de la destination et des proc\u00e9dures douani\u00e8res.<\/p><\/li><\/ul><p data-start=\"1201\" data-end=\"1299\">Les frais de livraison sont calcul\u00e9s lors du paiement en fonction de votre adresse et du mode de livraison s\u00e9lectionn\u00e9.<\/p><hr data-start=\"1301\" data-end=\"1304\" \/><h3 data-start=\"1306\" data-end=\"1336\"><strong data-start=\"1310\" data-end=\"1336\">3. D\u00e9lais de livraison<\/strong><\/h3><p data-start=\"1337\" data-end=\"1388\">Les d\u00e9lais de livraison sont estim\u00e9s et peuvent varier en raison de\u00a0:<\/p><ul data-start=\"1389\" data-end=\"1560\"><li data-start=\"1389\" data-end=\"1445\"><p data-start=\"1391\" data-end=\"1445\">Retards de d\u00e9douanement (pour les commandes internationales).<\/p><\/li><li data-start=\"1446\" data-end=\"1487\"><p data-start=\"1448\" data-end=\"1487\">Conditions m\u00e9t\u00e9orologiques ou retards des transporteurs.<\/p><\/li><li data-start=\"1488\" data-end=\"1560\"><p data-start=\"1490\" data-end=\"1560\">Adresses de livraison incorrectes ou incompl\u00e8tes fournies par le client.<\/p><\/li><\/ul><p data-start=\"1562\" data-end=\"1662\">Nous ne sommes pas responsables des retards caus\u00e9s par les services de messagerie ou par des facteurs externes ind\u00e9pendants de notre volont\u00e9.<\/p><hr data-start=\"1664\" data-end=\"1667\" \/><h3 data-start=\"1669\" data-end=\"1699\"><strong data-start=\"1673\" data-end=\"1699\">4. Suivi de votre commande<\/strong><\/h3><p data-start=\"1700\" data-end=\"1857\">Une fois votre commande exp\u00e9di\u00e9e, vous recevrez un lien de suivi par e-mail ou par SMS.<br data-start=\"1778\" data-end=\"1781\" \/>Vous pouvez utiliser ce lien pour suivre \u00e0 tout moment l&#039;\u00e9tat de la livraison de votre commande.<\/p><hr data-start=\"1859\" data-end=\"1862\" \/><h3 data-start=\"1864\" data-end=\"1896\"><strong data-start=\"1868\" data-end=\"1896\">5. Restrictions d&#039;exp\u00e9dition<\/strong><\/h3><p data-start=\"1897\" data-end=\"1911\">Veuillez noter:<\/p><ul data-start=\"1912\" data-end=\"2212\"><li data-start=\"1912\" data-end=\"1985\"><p data-start=\"1914\" data-end=\"1985\">Nous n&#039;exp\u00e9dions pas vers <strong data-start=\"1932\" data-end=\"1946\">bo\u00eetes postales<\/strong> ou <strong data-start=\"1950\" data-end=\"1982\">adresses militaires (APO\/FPO)<\/strong>.<\/p><\/li><li data-start=\"1986\" data-end=\"2212\"><p data-start=\"1988\" data-end=\"2212\">Certaines r\u00e9gions peuvent imposer des restrictions sur les envois de parfums en raison de la r\u00e9glementation a\u00e9rienne (contenu inflammable).<br data-start=\"2092\" data-end=\"2095\" \/>Si nous ne pouvons pas exp\u00e9dier votre commande \u00e0 votre adresse, nous vous en informerons rapidement et proc\u00e9derons \u00e0 un remboursement si le paiement a d\u00e9j\u00e0 \u00e9t\u00e9 effectu\u00e9.<\/p><\/li><\/ul><hr data-start=\"2214\" data-end=\"2217\" \/><h3 data-start=\"2219\" data-end=\"2254\"><strong data-start=\"2223\" data-end=\"2254\">6. Colis perdus ou retard\u00e9s<\/strong><\/h3><p data-start=\"2255\" data-end=\"2459\">Si votre colis est retard\u00e9 ou perdu pendant le transport, veuillez contacter notre \u00e9quipe d&#039;assistance \u00e0 l&#039;adresse suivante : <strong data-start=\"2337\" data-end=\"2365\">[Ins\u00e9rez votre adresse e-mail ici]<\/strong>.<br data-start=\"2366\" data-end=\"2369\" \/>Nous contacterons le transporteur en votre nom et ferons de notre mieux pour r\u00e9soudre le probl\u00e8me rapidement.<\/p><p data-start=\"2461\" data-end=\"2551\">Veuillez pr\u00e9voir jusqu&#039;\u00e0 <strong data-start=\"2480\" data-end=\"2500\">14 jours ouvrables<\/strong> pour la livraison avant de signaler un colis comme perdu.<\/p><hr data-start=\"2553\" data-end=\"2556\" \/><h3 data-start=\"2558\" data-end=\"2598\"><strong data-start=\"2562\" data-end=\"2598\">7. Informations d&#039;adresse incorrectes<\/strong><\/h3><p data-start=\"2599\" data-end=\"2796\">Il incombe aux clients de fournir des informations d&#039;exp\u00e9dition exactes et compl\u00e8tes.<br data-start=\"2678\" data-end=\"2681\" \/>Si une commande est retourn\u00e9e en raison d&#039;une adresse incorrecte, des frais de livraison suppl\u00e9mentaires peuvent s&#039;appliquer pour renvoyer le colis.<\/p><hr data-start=\"2798\" data-end=\"2801\" \/><h3 data-start=\"2803\" data-end=\"2867\"><strong data-start=\"2807\" data-end=\"2867\">8. Douanes, droits et taxes (pour les commandes internationales)<\/strong><\/h3><p data-start=\"2868\" data-end=\"3065\">Les clients internationaux sont responsables des droits de douane, taxes d&#039;importation ou frais locaux pouvant s&#039;appliquer dans leur pays.<br data-start=\"2992\" data-end=\"2995\" \/>Ces frais ne sont pas inclus dans le prix du produit ni dans les frais d&#039;exp\u00e9dition.<\/p><hr data-start=\"3067\" data-end=\"3070\" \/><h3 data-start=\"3072\" data-end=\"3099\"><strong data-start=\"3076\" data-end=\"3099\">9. Colis endommag\u00e9s<\/strong><\/h3><p data-start=\"3100\" data-end=\"3297\">Si votre colis arrive endommag\u00e9, veuillez prendre des photos nettes de l&#039;emballage et du produit, et nous contacter dans les plus brefs d\u00e9lais. <strong data-start=\"3210\" data-end=\"3222\">48 heures<\/strong> livraison.<br data-start=\"3235\" data-end=\"3238\" \/>Nous proc\u00e9derons \u00e0 un remplacement ou \u00e0 un remboursement, selon le cas.<\/p>\t\t\t\t\t\t\t\t<\/div>\n\t\t\t\t<\/div>\n\t\t\t\t\t<\/div>\n\t\t\t\t<\/div>\n\t\t\t\t<\/div>","protected":false},"excerpt":{"rendered":"<p>Shipping &amp; Delivery Policy \u2013 Caprianna Parfums At Caprianna Parfums, we aim to deliver your orders quickly and safely. This<\/p>","protected":false},"author":1,"featured_media":0,"parent":0,"menu_order":0,"comment_status":"closed","ping_status":"closed","template":"","meta":{"footnotes":""},"class_list":["post-757","page","type-page","status-publish","hentry"],"jetpack_sharing_enabled":true,"_links":{"self":[{"href":"https:\/\/capriannaparfums.com\/fr\/wp-json\/wp\/v2\/pages\/757","targetHints":{"allow":["GET"]}}],"collection":[{"href":"https:\/\/capriannaparfums.com\/fr\/wp-json\/wp\/v2\/pages"}],"about":[{"href":"https:\/\/capriannaparfums.com\/fr\/wp-json\/wp\/v2\/types\/page"}],"author":[{"embeddable":true,"href":"https:\/\/capriannaparfums.com\/fr\/wp-json\/wp\/v2\/users\/1"}],"replies":[{"embeddable":true,"href":"https:\/\/capriannaparfums.com\/fr\/wp-json\/wp\/v2\/comments?post=757"}],"version-history":[{"count":3,"href":"https:\/\/capriannaparfums.com\/fr\/wp-json\/wp\/v2\/pages\/757\/revisions"}],"predecessor-version":[{"id":760,"href":"https:\/\/capriannaparfums.com\/fr\/wp-json\/wp\/v2\/pages\/757\/revisions\/760"}],"wp:attachment":[{"href":"https:\/\/capriannaparfums.com\/fr\/wp-json\/wp\/v2\/media?parent=757"}],"curies":[{"name":"wp","href":"https:\/\/api.w.org\/{rel}","templated":true}]}}