{"id":749,"date":"2025-10-26T15:01:57","date_gmt":"2025-10-26T13:01:57","guid":{"rendered":"https:\/\/capriannaparfums.com\/?page_id=749"},"modified":"2025-10-26T15:02:43","modified_gmt":"2025-10-26T13:02:43","slug":"terms-of-use","status":"publish","type":"page","link":"https:\/\/capriannaparfums.com\/fr\/terms-of-use\/","title":{"rendered":"Conditions d&#039;utilisation"},"content":{"rendered":"<div data-elementor-type=\"wp-page\" data-elementor-id=\"749\" class=\"elementor elementor-749\" data-elementor-post-type=\"page\">\n\t\t\t\t<div class=\"wd-negative-gap elementor-element elementor-element-b815113 e-flex e-con-boxed e-con e-parent\" data-id=\"b815113\" data-element_type=\"container\">\n\t\t\t\t\t<div class=\"e-con-inner\">\n\t\t\t\t<div class=\"elementor-element elementor-element-99d5320 elementor-widget elementor-widget-heading\" data-id=\"99d5320\" data-element_type=\"widget\" data-widget_type=\"heading.default\">\n\t\t\t\t<div class=\"elementor-widget-container\">\n\t\t\t\t\t<h2 class=\"elementor-heading-title elementor-size-default\">Conditions d\u2019utilisation \u2013 Caprianna Parfums<\/h2>\t\t\t\t<\/div>\n\t\t\t\t<\/div>\n\t\t\t\t\t<\/div>\n\t\t\t\t<\/div>\n\t\t<div class=\"wd-negative-gap elementor-element elementor-element-e60e194 e-flex e-con-boxed e-con e-parent\" data-id=\"e60e194\" data-element_type=\"container\">\n\t\t\t\t\t<div class=\"e-con-inner\">\n\t\t\t\t<div class=\"elementor-element elementor-element-549ee4d color-scheme-inherit text-left elementor-widget elementor-widget-text-editor\" data-id=\"549ee4d\" data-element_type=\"widget\" data-widget_type=\"text-editor.default\">\n\t\t\t\t<div class=\"elementor-widget-container\">\n\t\t\t\t\t\t\t\t\t<h3 data-start=\"277\" data-end=\"298\">1. Introduction<\/h3><p data-start=\"299\" data-end=\"518\">Bienvenue sur <strong data-start=\"310\" data-end=\"331\">Caprianna Parfums<\/strong>En acc\u00e9dant \u00e0 notre site web (capriannaparfums.com) ou en l&#039;utilisant, vous acceptez de vous conformer aux pr\u00e9sentes Conditions d&#039;utilisation et d&#039;y \u00eatre li\u00e9. Si vous n&#039;acceptez pas ces conditions, veuillez ne pas utiliser notre site web.<\/p><p data-start=\"520\" data-end=\"654\">Les pr\u00e9sentes conditions g\u00e9n\u00e9rales r\u00e9gissent votre utilisation du site web, y compris la navigation, l&#039;achat de produits et toute interaction avec notre contenu ou nos services.<\/p><hr data-start=\"656\" data-end=\"659\" \/><h3 data-start=\"661\" data-end=\"688\">2. Utilisation du site Web<\/h3><p data-start=\"689\" data-end=\"868\">Vous acceptez d&#039;utiliser ce site Web uniquement \u00e0 des fins licites et d&#039;une mani\u00e8re qui ne porte pas atteinte aux droits d&#039;autrui ni ne restreint ou n&#039;emp\u00eache l&#039;utilisation et la jouissance du site par quiconque.<\/p><p data-start=\"870\" data-end=\"883\">Vous ne devez pas :<\/p><ul data-start=\"884\" data-end=\"1197\"><li data-start=\"884\" data-end=\"988\"><p data-start=\"886\" data-end=\"988\">Utiliser le site web de quelque mani\u00e8re que ce soit qui cause ou puisse causer des dommages au site web ou qui en alt\u00e8re le fonctionnement.<\/p><\/li><li data-start=\"989\" data-end=\"1052\"><p data-start=\"991\" data-end=\"1052\">Toute tentative d&#039;acc\u00e8s non autoris\u00e9 \u00e0 nos syst\u00e8mes ou \u00e0 nos donn\u00e9es.<\/p><\/li><li data-start=\"1053\" data-end=\"1120\"><p data-start=\"1055\" data-end=\"1120\">Utilisez ce site web pour envoyer des spams, des logiciels malveillants ou tout autre contenu nuisible.<\/p><\/li><li data-start=\"1121\" data-end=\"1197\"><p data-start=\"1123\" data-end=\"1197\">Copier, distribuer ou modifier tout contenu sans notre consentement \u00e9crit pr\u00e9alable.<\/p><\/li><\/ul><hr data-start=\"1199\" data-end=\"1202\" \/><h3 data-start=\"1204\" data-end=\"1244\">3. Informations sur les produits et prix<\/h3><p data-start=\"1245\" data-end=\"1385\">Nous nous effor\u00e7ons de garantir l&#039;exactitude et la mise \u00e0 jour de toutes les descriptions, images et prix des produits. Toutefois, des erreurs peuvent occasionnellement se produire.<\/p><ul data-start=\"1386\" data-end=\"1653\"><li data-start=\"1386\" data-end=\"1451\"><p data-start=\"1388\" data-end=\"1451\">Les prix et la disponibilit\u00e9 peuvent \u00eatre modifi\u00e9s sans pr\u00e9avis.<\/p><\/li><li data-start=\"1452\" data-end=\"1527\"><p data-start=\"1454\" data-end=\"1527\">Nous nous r\u00e9servons le droit de corriger toute inexactitude ou erreur \u00e0 tout moment.<\/p><\/li><li data-start=\"1528\" data-end=\"1653\"><p data-start=\"1530\" data-end=\"1653\">Tous les prix affich\u00e9s sur le site Web sont dans la devise sp\u00e9cifi\u00e9e et incluent les taxes applicables (sauf indication contraire).<\/p><\/li><\/ul><hr data-start=\"1655\" data-end=\"1658\" \/><h3 data-start=\"1660\" data-end=\"1688\">4. Commandes et paiements<\/h3><p data-start=\"1689\" data-end=\"1792\">En passant une commande sur <strong data-start=\"1712\" data-end=\"1733\">Caprianna Parfums<\/strong>, vous acceptez de fournir des informations exactes et compl\u00e8tes.<\/p><ul data-start=\"1793\" data-end=\"2073\"><li data-start=\"1793\" data-end=\"1851\"><p data-start=\"1795\" data-end=\"1851\">Toutes les commandes sont soumises \u00e0 acceptation et \u00e0 la disponibilit\u00e9 des produits.<\/p><\/li><li data-start=\"1852\" data-end=\"1988\"><p data-start=\"1854\" data-end=\"1988\">Nous nous r\u00e9servons le droit de refuser ou d&#039;annuler toute commande pour des raisons telles que l&#039;indisponibilit\u00e9 du produit, des probl\u00e8mes de paiement ou une suspicion de fraude.<\/p><\/li><li data-start=\"1989\" data-end=\"2073\"><p data-start=\"1991\" data-end=\"2073\">Les paiements doivent \u00eatre effectu\u00e9s selon les m\u00e9thodes approuv\u00e9es et affich\u00e9es sur notre page de paiement.<\/p><\/li><\/ul><p data-start=\"2075\" data-end=\"2157\">Si votre paiement est valid\u00e9, vous recevrez une confirmation de commande par e-mail.<\/p><hr data-start=\"2159\" data-end=\"2162\" \/><h3 data-start=\"2164\" data-end=\"2194\">5. Exp\u00e9dition et livraison<\/h3><p data-start=\"2195\" data-end=\"2321\">Nous nous effor\u00e7ons de traiter et d&#039;exp\u00e9dier les commandes rapidement. Les d\u00e9lais de livraison peuvent varier en fonction de votre lieu de r\u00e9sidence et du mode d&#039;exp\u00e9dition choisi.<\/p><ul data-start=\"2322\" data-end=\"2540\"><li data-start=\"2322\" data-end=\"2425\"><p data-start=\"2324\" data-end=\"2425\">Nous ne sommes pas responsables des retards caus\u00e9s par des transporteurs tiers, les douanes ou des cas de force majeure.<\/p><\/li><li data-start=\"2426\" data-end=\"2540\"><p data-start=\"2428\" data-end=\"2540\">Veuillez vous assurer que vos informations de livraison sont correctes ; des adresses incorrectes peuvent entra\u00eener des retards ou des \u00e9checs de livraison.<\/p><\/li><\/ul><hr data-start=\"2542\" data-end=\"2545\" \/><h3 data-start=\"2547\" data-end=\"2575\">6. Retours et remboursements<\/h3><p data-start=\"2576\" data-end=\"2625\">Nous souhaitons que vous soyez satisfait de votre achat.<\/p><ul data-start=\"2626\" data-end=\"2891\"><li data-start=\"2626\" data-end=\"2737\"><p data-start=\"2628\" data-end=\"2737\">Les retours et les \u00e9changes sont accept\u00e9s conform\u00e9ment \u00e0 notre politique de retours et d&#039;\u00e9changes. <strong data-start=\"2680\" data-end=\"2697\">Politique de retour<\/strong> (veuillez vous r\u00e9f\u00e9rer \u00e0 la page d\u00e9di\u00e9e).<\/p><\/li><li data-start=\"2738\" data-end=\"2818\"><p data-start=\"2740\" data-end=\"2818\">Les produits doivent \u00eatre retourn\u00e9s non utilis\u00e9s, non ouverts et dans leur emballage d&#039;origine.<\/p><\/li><li data-start=\"2819\" data-end=\"2891\"><p data-start=\"2821\" data-end=\"2891\">Les remboursements sont trait\u00e9s apr\u00e8s r\u00e9ception et inspection des articles retourn\u00e9s.<\/p><\/li><\/ul><hr data-start=\"2893\" data-end=\"2896\" \/><h3 data-start=\"2898\" data-end=\"2935\">7. Droits de propri\u00e9t\u00e9 intellectuelle<\/h3><p data-start=\"2936\" data-end=\"3138\">L&#039;ensemble du contenu de ce site web \u2014 y compris les textes, images, graphismes, logos, vid\u00e9os et designs \u2014 est la propri\u00e9t\u00e9 de <strong data-start=\"3048\" data-end=\"3069\">Caprianna Parfums<\/strong> ou \u00e0 ses conc\u00e9dants de licence et est prot\u00e9g\u00e9e par les lois sur le droit d&#039;auteur et les marques de commerce.<\/p><p data-start=\"3140\" data-end=\"3243\">Vous n&#039;\u00eates pas autoris\u00e9 \u00e0 copier, reproduire, modifier ou distribuer tout document sans notre autorisation \u00e9crite pr\u00e9alable.<\/p><hr data-start=\"3245\" data-end=\"3248\" \/><h3 data-start=\"3250\" data-end=\"3282\">8. Limitation de responsabilit\u00e9<\/h3><p data-start=\"3283\" data-end=\"3611\">Bien que nous fassions tout notre possible pour assurer la s\u00e9curit\u00e9 et le bon fonctionnement du site web, nous ne garantissons pas qu&#039;il sera exempt d&#039;erreurs ou d&#039;interruptions.<br data-start=\"3423\" data-end=\"3426\" \/><strong data-start=\"3426\" data-end=\"3447\">Caprianna Parfums<\/strong> ne sera pas responsable des dommages directs, indirects ou cons\u00e9cutifs r\u00e9sultant de votre utilisation du site Web ou de l&#039;achat de produits, sauf dans les cas pr\u00e9vus par la loi.<\/p><hr data-start=\"3613\" data-end=\"3616\" \/><h3 data-start=\"3618\" data-end=\"3644\">9. Liens tiers<\/h3><p data-start=\"3645\" data-end=\"3856\">Notre site web peut contenir des liens vers des sites tiers pour votre commodit\u00e9. Nous ne sommes pas responsables du contenu, des pratiques de confidentialit\u00e9 ni de la s\u00e9curit\u00e9 de ces sites. L&#039;acc\u00e8s \u00e0 ces liens se fait \u00e0 vos propres risques.<\/p><hr data-start=\"3858\" data-end=\"3861\" \/><h3 data-start=\"3863\" data-end=\"3880\">10. Confidentialit\u00e9<\/h3><p data-start=\"3881\" data-end=\"4032\">Votre utilisation de notre site web est \u00e9galement r\u00e9gie par nos conditions g\u00e9n\u00e9rales. <strong data-start=\"3929\" data-end=\"3947\">politique de confidentialit\u00e9<\/strong>, qui explique comment nous recueillons et utilisons vos donn\u00e9es personnelles. Veuillez la lire attentivement.<\/p><hr data-start=\"4034\" data-end=\"4037\" \/><h3 data-start=\"4039\" data-end=\"4069\">11. Modifications des conditions g\u00e9n\u00e9rales<\/h3><p data-start=\"4070\" data-end=\"4267\">Nous nous r\u00e9servons le droit de modifier ou de mettre \u00e0 jour les pr\u00e9sentes Conditions d&#039;utilisation \u00e0 tout moment. Les modifications entreront en vigueur d\u00e8s leur publication sur cette page. Il vous incombe de consulter r\u00e9guli\u00e8rement les Conditions d&#039;utilisation.<\/p><hr data-start=\"4269\" data-end=\"4272\" \/><h3 data-start=\"4274\" data-end=\"4297\">12. Droit applicable<\/h3><p data-start=\"4298\" data-end=\"4548\">Les pr\u00e9sentes conditions g\u00e9n\u00e9rales sont r\u00e9gies et interpr\u00e9t\u00e9es conform\u00e9ment aux lois du pays dans lequel elles ont \u00e9t\u00e9 \u00e9tablies. <strong data-start=\"4392\" data-end=\"4413\">Caprianna Parfums<\/strong> Tout litige d\u00e9coulant des pr\u00e9sentes conditions g\u00e9n\u00e9rales sera soumis \u00e0 la comp\u00e9tence exclusive des tribunaux comp\u00e9tents de la r\u00e9gion concern\u00e9e.<\/p><hr data-start=\"4550\" data-end=\"4553\" \/><h3 data-start=\"4555\" data-end=\"4575\">\u00a0<\/h3>\t\t\t\t\t\t\t\t<\/div>\n\t\t\t\t<\/div>\n\t\t\t\t\t<\/div>\n\t\t\t\t<\/div>\n\t\t\t\t<\/div>","protected":false},"excerpt":{"rendered":"<p>Terms of Use \u2013 Caprianna Parfums 1. Introduction Welcome to Caprianna Parfums. By accessing or using our website (capriannaparfums.com), you<\/p>","protected":false},"author":1,"featured_media":0,"parent":0,"menu_order":0,"comment_status":"closed","ping_status":"closed","template":"","meta":{"footnotes":""},"class_list":["post-749","page","type-page","status-publish","hentry"],"jetpack_sharing_enabled":true,"_links":{"self":[{"href":"https:\/\/capriannaparfums.com\/fr\/wp-json\/wp\/v2\/pages\/749","targetHints":{"allow":["GET"]}}],"collection":[{"href":"https:\/\/capriannaparfums.com\/fr\/wp-json\/wp\/v2\/pages"}],"about":[{"href":"https:\/\/capriannaparfums.com\/fr\/wp-json\/wp\/v2\/types\/page"}],"author":[{"embeddable":true,"href":"https:\/\/capriannaparfums.com\/fr\/wp-json\/wp\/v2\/users\/1"}],"replies":[{"embeddable":true,"href":"https:\/\/capriannaparfums.com\/fr\/wp-json\/wp\/v2\/comments?post=749"}],"version-history":[{"count":3,"href":"https:\/\/capriannaparfums.com\/fr\/wp-json\/wp\/v2\/pages\/749\/revisions"}],"predecessor-version":[{"id":752,"href":"https:\/\/capriannaparfums.com\/fr\/wp-json\/wp\/v2\/pages\/749\/revisions\/752"}],"wp:attachment":[{"href":"https:\/\/capriannaparfums.com\/fr\/wp-json\/wp\/v2\/media?parent=749"}],"curies":[{"name":"wp","href":"https:\/\/api.w.org\/{rel}","templated":true}]}}