{"id":745,"date":"2025-10-26T14:58:30","date_gmt":"2025-10-26T12:58:30","guid":{"rendered":"https:\/\/capriannaparfums.com\/?page_id=745"},"modified":"2025-10-26T15:00:30","modified_gmt":"2025-10-26T13:00:30","slug":"privacy-policy","status":"publish","type":"page","link":"https:\/\/capriannaparfums.com\/fr\/privacy-policy\/","title":{"rendered":"politique de confidentialit\u00e9"},"content":{"rendered":"<div data-elementor-type=\"wp-page\" data-elementor-id=\"745\" class=\"elementor elementor-745\" data-elementor-post-type=\"page\">\n\t\t\t\t<div class=\"wd-negative-gap elementor-element elementor-element-b28b569 e-flex e-con-boxed e-con e-parent\" data-id=\"b28b569\" data-element_type=\"container\">\n\t\t\t\t\t<div class=\"e-con-inner\">\n\t\t\t\t<div class=\"elementor-element elementor-element-f208212 elementor-widget elementor-widget-heading\" data-id=\"f208212\" data-element_type=\"widget\" data-widget_type=\"heading.default\">\n\t\t\t\t<div class=\"elementor-widget-container\">\n\t\t\t\t\t<h2 class=\"elementor-heading-title elementor-size-default\">Politique de confidentialit\u00e9 \u2013 Caprianna Parfums<\/h2>\t\t\t\t<\/div>\n\t\t\t\t<\/div>\n\t\t\t\t\t<\/div>\n\t\t\t\t<\/div>\n\t\t<div class=\"wd-negative-gap elementor-element elementor-element-5b38476 e-flex e-con-boxed e-con e-parent\" data-id=\"5b38476\" data-element_type=\"container\">\n\t\t\t\t\t<div class=\"e-con-inner\">\n\t\t\t\t<div class=\"elementor-element elementor-element-00e3c21 color-scheme-inherit text-left elementor-widget elementor-widget-text-editor\" data-id=\"00e3c21\" data-element_type=\"widget\" data-widget_type=\"text-editor.default\">\n\t\t\t\t<div class=\"elementor-widget-container\">\n\t\t\t\t\t\t\t\t\t<p data-start=\"138\" data-end=\"373\">\u00c0 <strong data-start=\"141\" data-end=\"162\">Caprianna Parfums<\/strong>Nous nous engageons \u00e0 prot\u00e9ger votre vie priv\u00e9e et \u00e0 assurer la s\u00e9curit\u00e9 de vos informations personnelles. Cette politique de confidentialit\u00e9 explique quelles informations nous collectons, comment nous les utilisons et comment vous pouvez les g\u00e9rer ou les supprimer.<\/p><hr data-start=\"375\" data-end=\"378\" \/><h3 data-start=\"380\" data-end=\"403\"><strong data-start=\"384\" data-end=\"403\">1. Introduction<\/strong><\/h3><p data-start=\"404\" data-end=\"581\">En utilisant notre site web (capriannaparfums.com) et les services associ\u00e9s, vous acceptez les termes de la pr\u00e9sente Politique de confidentialit\u00e9. En cas de d\u00e9saccord, veuillez ne pas utiliser le site ni nos services.<\/p><hr data-start=\"583\" data-end=\"586\" \/><h3 data-start=\"588\" data-end=\"621\"><strong data-start=\"592\" data-end=\"621\">2. Informations que nous collectons<\/strong><\/h3><p data-start=\"623\" data-end=\"673\">Nous pouvons collecter les types d&#039;informations suivants :<\/p><ul data-start=\"675\" data-end=\"1346\"><li data-start=\"675\" data-end=\"883\"><p data-start=\"677\" data-end=\"883\"><strong data-start=\"677\" data-end=\"714\">Informations que vous fournissez directement :<\/strong> tels que votre nom, votre adresse e-mail, votre adresse postale, votre num\u00e9ro de t\u00e9l\u00e9phone et vos informations de paiement (carte de cr\u00e9dit\/d\u00e9bit, informations bancaires ou autres m\u00e9thodes de paiement) lorsque vous effectuez un achat.<\/p><\/li><li data-start=\"884\" data-end=\"1068\"><p data-start=\"886\" data-end=\"1068\"><strong data-start=\"886\" data-end=\"926\">Informations collect\u00e9es automatiquement :<\/strong> y compris les d\u00e9tails de votre appareil (navigateur, syst\u00e8me d&#039;exploitation), votre adresse IP, les pages que vous visitez, le temps pass\u00e9 sur le site et votre comportement de navigation.<\/p><\/li><li data-start=\"1069\" data-end=\"1204\"><p data-start=\"1071\" data-end=\"1204\"><strong data-start=\"1071\" data-end=\"1108\">Cookies et technologies similaires :<\/strong> utilis\u00e9 pour am\u00e9liorer votre exp\u00e9rience, m\u00e9moriser vos pr\u00e9f\u00e9rences et reconna\u00eetre les visiteurs qui reviennent.<\/p><\/li><li data-start=\"1205\" data-end=\"1346\"><p data-start=\"1207\" data-end=\"1346\"><strong data-start=\"1207\" data-end=\"1235\">Informations de tiers :<\/strong> nous pouvons recevoir certaines donn\u00e9es de processeurs de paiement, de partenaires d&#039;exp\u00e9dition ou d&#039;outils d&#039;analyse tels que Google Analytics.<\/p><\/li><\/ul><hr data-start=\"1348\" data-end=\"1351\" \/><h3 data-start=\"1353\" data-end=\"1391\"><strong data-start=\"1357\" data-end=\"1391\">3. Comment nous utilisons vos informations<\/strong><\/h3><p data-start=\"1393\" data-end=\"1453\">Nous utilisons les informations collect\u00e9es aux fins suivantes :<\/p><ul data-start=\"1455\" data-end=\"1777\"><li data-start=\"1455\" data-end=\"1493\"><p data-start=\"1457\" data-end=\"1493\">Pour traiter et livrer vos commandes<\/p><\/li><li data-start=\"1494\" data-end=\"1545\"><p data-start=\"1496\" data-end=\"1545\">Pour g\u00e9rer votre compte et suivre vos achats<\/p><\/li><li data-start=\"1546\" data-end=\"1621\"><p data-start=\"1548\" data-end=\"1621\">Pour communiquer avec vous concernant des commandes, des mises \u00e0 jour, des offres ou des demandes de renseignements<\/p><\/li><li data-start=\"1622\" data-end=\"1672\"><p data-start=\"1624\" data-end=\"1672\">Pour am\u00e9liorer notre site Web, nos produits et nos services<\/p><\/li><li data-start=\"1673\" data-end=\"1725\"><p data-start=\"1675\" data-end=\"1725\">Pour pr\u00e9venir les activit\u00e9s frauduleuses ou non autoris\u00e9es<\/p><\/li><li data-start=\"1726\" data-end=\"1777\"><p data-start=\"1728\" data-end=\"1777\">Pour se conformer aux obligations l\u00e9gales et r\u00e9glementaires<\/p><\/li><\/ul><hr data-start=\"1779\" data-end=\"1782\" \/><h3 data-start=\"1784\" data-end=\"1814\"><strong data-start=\"1788\" data-end=\"1814\">4. Partage d&#039;informations<\/strong><\/h3><p data-start=\"1816\" data-end=\"1867\">Nous pouvons partager vos donn\u00e9es dans les situations suivantes\u00a0:<\/p><ul data-start=\"1869\" data-end=\"2215\"><li data-start=\"1869\" data-end=\"2025\"><p data-start=\"1871\" data-end=\"2025\">Avec confiance <strong data-start=\"1884\" data-end=\"1905\">prestataires de services<\/strong> (processeurs de paiement, soci\u00e9t\u00e9s de transport, fournisseurs d&#039;analyses ou support technique) pour effectuer des services en notre nom<\/p><\/li><li data-start=\"2026\" data-end=\"2076\"><p data-start=\"2028\" data-end=\"2076\">Lorsque la loi ou les autorit\u00e9s gouvernementales l&#039;exigent<\/p><\/li><li data-start=\"2077\" data-end=\"2165\"><p data-start=\"2079\" data-end=\"2165\">En cas de <strong data-start=\"2092\" data-end=\"2113\">transfert d&#039;entreprise<\/strong>, comme une fusion, une acquisition ou une vente d&#039;actifs<\/p><\/li><li data-start=\"2166\" data-end=\"2215\"><p data-start=\"2168\" data-end=\"2215\">Avec votre explicite <strong data-start=\"2187\" data-end=\"2215\">consentement ou autorisation<\/strong><\/p><\/li><\/ul><hr data-start=\"2217\" data-end=\"2220\" \/><h3 data-start=\"2222\" data-end=\"2246\"><strong data-start=\"2226\" data-end=\"2246\">5. S\u00e9curit\u00e9 des donn\u00e9es<\/strong><\/h3><p data-start=\"2248\" data-end=\"2480\">Nous mettons en \u0153uvre des mesures administratives et techniques pour prot\u00e9ger vos donn\u00e9es personnelles contre tout acc\u00e8s, modification, divulgation ou destruction non autoris\u00e9s. Cela comprend le chiffrement des donn\u00e9es, la limitation de l&#039;acc\u00e8s du personnel et des contr\u00f4les de s\u00e9curit\u00e9 r\u00e9guliers.<\/p><hr data-start=\"2482\" data-end=\"2485\" \/><h3 data-start=\"2487\" data-end=\"2512\"><strong data-start=\"2491\" data-end=\"2512\">6. Conservation des donn\u00e9es<\/strong><\/h3><p data-start=\"2514\" data-end=\"2724\">Nous conservons vos informations personnelles aussi longtemps que n\u00e9cessaire pour atteindre les finalit\u00e9s pour lesquelles elles ont \u00e9t\u00e9 collect\u00e9es ou pour respecter nos obligations l\u00e9gales. Ensuite, nous supprimons ou anonymisons vos informations de mani\u00e8re s\u00e9curis\u00e9e.<\/p><hr data-start=\"2726\" data-end=\"2729\" \/><h3 data-start=\"2731\" data-end=\"2753\"><strong data-start=\"2735\" data-end=\"2753\">7. Vos droits<\/strong><\/h3><p data-start=\"2755\" data-end=\"2799\">En tant qu&#039;utilisateur ou visiteur, vous avez le droit de :<\/p><ul data-start=\"2801\" data-end=\"3150\"><li data-start=\"2801\" data-end=\"2845\"><p data-start=\"2803\" data-end=\"2845\">Acc\u00e9der aux informations que nous d\u00e9tenons \u00e0 votre sujet<\/p><\/li><li data-start=\"2846\" data-end=\"2892\"><p data-start=\"2848\" data-end=\"2892\">Demander la correction ou la mise \u00e0 jour de vos donn\u00e9es<\/p><\/li><li data-start=\"2893\" data-end=\"2963\"><p data-start=\"2895\" data-end=\"2963\">Demander la suppression de vos informations (sous r\u00e9serve d&#039;exceptions l\u00e9gales)<\/p><\/li><li data-start=\"2964\" data-end=\"3022\"><p data-start=\"2966\" data-end=\"3022\">S&#039;opposer \u00e0 certains types de traitement de donn\u00e9es ou les restreindre<\/p><\/li><li data-start=\"3023\" data-end=\"3097\"><p data-start=\"3025\" data-end=\"3097\">Retirer son consentement \u00e0 tout moment (par exemple, se d\u00e9sabonner des e-mails marketing)<\/p><\/li><li data-start=\"3098\" data-end=\"3150\"><p data-start=\"3100\" data-end=\"3150\">Demandez une copie de vos donn\u00e9es dans un format portable<\/p><\/li><\/ul><p data-start=\"3152\" data-end=\"3253\">Pour exercer l\u2019un de ces droits, veuillez nous contacter via les m\u00e9thodes fournies sur la page \u00ab Contactez-nous \u00bb.<\/p><hr data-start=\"3255\" data-end=\"3258\" \/><h3 data-start=\"3260\" data-end=\"3278\"><strong data-start=\"3264\" data-end=\"3278\">8. Cookies<\/strong><\/h3><p data-start=\"3280\" data-end=\"3522\">Nous utilisons des cookies pour am\u00e9liorer votre exp\u00e9rience de navigation, notamment en m\u00e9morisant vos pr\u00e9f\u00e9rences, en activant la connexion automatique et en analysant les performances. Vous pouvez d\u00e9sactiver certains cookies dans les param\u00e8tres de votre navigateur, mais cela pourrait affecter certaines fonctionnalit\u00e9s du site.<\/p><hr data-start=\"3524\" data-end=\"3527\" \/><h3 data-start=\"3529\" data-end=\"3554\"><strong data-start=\"3533\" data-end=\"3554\">9. Mises \u00e0 jour des politiques<\/strong><\/h3><ul><li>Nous sommes susceptibles de mettre \u00e0 jour cette Politique de confidentialit\u00e9 de temps \u00e0 autre. Les modifications importantes seront communiqu\u00e9es par courriel ou par un avis clair sur notre site web. Veuillez consulter r\u00e9guli\u00e8rement cette page pour prendre connaissance des mises \u00e0 jour.<\/li><\/ul>\t\t\t\t\t\t\t\t<\/div>\n\t\t\t\t<\/div>\n\t\t\t\t\t<\/div>\n\t\t\t\t<\/div>\n\t\t\t\t<\/div>","protected":false},"excerpt":{"rendered":"<p>Privacy Policy \u2013 Caprianna Parfums At Caprianna Parfums, we are committed to protecting your privacy and ensuring the security of<\/p>","protected":false},"author":1,"featured_media":0,"parent":0,"menu_order":0,"comment_status":"closed","ping_status":"closed","template":"","meta":{"footnotes":""},"class_list":["post-745","page","type-page","status-publish","hentry"],"jetpack_sharing_enabled":true,"_links":{"self":[{"href":"https:\/\/capriannaparfums.com\/fr\/wp-json\/wp\/v2\/pages\/745","targetHints":{"allow":["GET"]}}],"collection":[{"href":"https:\/\/capriannaparfums.com\/fr\/wp-json\/wp\/v2\/pages"}],"about":[{"href":"https:\/\/capriannaparfums.com\/fr\/wp-json\/wp\/v2\/types\/page"}],"author":[{"embeddable":true,"href":"https:\/\/capriannaparfums.com\/fr\/wp-json\/wp\/v2\/users\/1"}],"replies":[{"embeddable":true,"href":"https:\/\/capriannaparfums.com\/fr\/wp-json\/wp\/v2\/comments?post=745"}],"version-history":[{"count":3,"href":"https:\/\/capriannaparfums.com\/fr\/wp-json\/wp\/v2\/pages\/745\/revisions"}],"predecessor-version":[{"id":748,"href":"https:\/\/capriannaparfums.com\/fr\/wp-json\/wp\/v2\/pages\/745\/revisions\/748"}],"wp:attachment":[{"href":"https:\/\/capriannaparfums.com\/fr\/wp-json\/wp\/v2\/media?parent=745"}],"curies":[{"name":"wp","href":"https:\/\/api.w.org\/{rel}","templated":true}]}}