{"id":737,"date":"2025-10-26T07:00:14","date_gmt":"2025-10-26T05:00:14","guid":{"rendered":"https:\/\/capriannaparfums.com\/?page_id=737"},"modified":"2026-02-25T19:58:22","modified_gmt":"2026-02-25T17:58:22","slug":"about","status":"publish","type":"page","link":"https:\/\/capriannaparfums.com\/fr\/about\/","title":{"rendered":"\u00c0 propos"},"content":{"rendered":"<div data-elementor-type=\"wp-page\" data-elementor-id=\"737\" class=\"elementor elementor-737\" data-elementor-post-type=\"page\">\n\t\t\t\t<div class=\"wd-negative-gap elementor-element elementor-element-7a91c78 e-flex e-con-boxed e-con e-parent\" data-id=\"7a91c78\" data-element_type=\"container\">\n\t\t\t\t\t<div class=\"e-con-inner\">\n\t\t\t\t<div class=\"elementor-element elementor-element-5b1edfc elementor-widget elementor-widget-wd_text_block\" data-id=\"5b1edfc\" data-element_type=\"widget\" data-widget_type=\"wd_text_block.default\">\n\t\t\t\t<div class=\"elementor-widget-container\">\n\t\t\t\t\t\t\t<div class=\"wd-text-block reset-last-child text-center\">\n\t\t\t\n\t\t\t<p>Caprianna Parfums<br \/>Caprianna Parfums est la premi\u00e8re maison de parfumerie de niche \u00e9mergente libyenne, n\u00e9e d&#039;une passion qui allie la beaut\u00e9 de la M\u00e9diterran\u00e9e \u00e0 l&#039;artisanat europ\u00e9en.<br \/>Chaque parfum est \u00e9labor\u00e9, assembl\u00e9 et mac\u00e9r\u00e9 en France selon les plus hauts standards de qualit\u00e9, puis produit en quantit\u00e9s limit\u00e9es afin de pr\u00e9server son exclusivit\u00e9 et son raffinement.<br \/>En collaboration avec des parfumeurs internationaux de renom, Caprianna Parfums recherche en permanence l&#039;innovation, la diversit\u00e9 et des exp\u00e9riences olfactives uniques qui fusionnent modernit\u00e9 et authenticit\u00e9.<br \/>Inspir\u00e9e par la beaut\u00e9 intemporelle de la M\u00e9diterran\u00e9e, o\u00f9 les c\u00f4tes libyennes et italiennes se rencontrent en parfaite harmonie, Caprianna incarne le raffinement, l&#039;\u00e9motion et une r\u00e9sonance culturelle. C&#039;est une marque qui transcende les fronti\u00e8res, m\u00ealant un savoir-faire international \u00e0 une essence libyenne unique.<br \/>Fond\u00e9e en 2025, Caprianna Parfums marque une \u00e9tape importante en tant que premi\u00e8re maison de parfums de niche en Libye, avec l&#039;ambition de s&#039;\u00e9tendre \u00e0 l&#039;international et de partager son identit\u00e9 unique sur la sc\u00e8ne mondiale.<\/p>\n\t\t\t\t\t<\/div>\n\t\t\t\t\t\t<\/div>\n\t\t\t\t<\/div>\n\t\t\t\t\t<\/div>\n\t\t\t\t<\/div>\n\t\t\t\t<\/div>","protected":false},"excerpt":{"rendered":"<p>Caprianna ParfumsCaprianna Parfums is the first emerging Libyan niche perfume house, born from a passion that blends the beauty of<\/p>","protected":false},"author":1,"featured_media":0,"parent":0,"menu_order":0,"comment_status":"closed","ping_status":"closed","template":"","meta":{"footnotes":""},"class_list":["post-737","page","type-page","status-publish","hentry"],"jetpack_sharing_enabled":true,"_links":{"self":[{"href":"https:\/\/capriannaparfums.com\/fr\/wp-json\/wp\/v2\/pages\/737","targetHints":{"allow":["GET"]}}],"collection":[{"href":"https:\/\/capriannaparfums.com\/fr\/wp-json\/wp\/v2\/pages"}],"about":[{"href":"https:\/\/capriannaparfums.com\/fr\/wp-json\/wp\/v2\/types\/page"}],"author":[{"embeddable":true,"href":"https:\/\/capriannaparfums.com\/fr\/wp-json\/wp\/v2\/users\/1"}],"replies":[{"embeddable":true,"href":"https:\/\/capriannaparfums.com\/fr\/wp-json\/wp\/v2\/comments?post=737"}],"version-history":[{"count":15,"href":"https:\/\/capriannaparfums.com\/fr\/wp-json\/wp\/v2\/pages\/737\/revisions"}],"predecessor-version":[{"id":941,"href":"https:\/\/capriannaparfums.com\/fr\/wp-json\/wp\/v2\/pages\/737\/revisions\/941"}],"wp:attachment":[{"href":"https:\/\/capriannaparfums.com\/fr\/wp-json\/wp\/v2\/media?parent=737"}],"curies":[{"name":"wp","href":"https:\/\/api.w.org\/{rel}","templated":true}]}}